{"id":1125,"date":"2020-08-27T10:07:38","date_gmt":"2020-08-27T08:07:38","guid":{"rendered":"https:\/\/www.junis.se\/ledare\/?page_id=1125"},"modified":"2025-09-22T09:02:32","modified_gmt":"2025-09-22T07:02:32","slug":"varldensbarn","status":"publish","type":"page","link":"https:\/\/www.junis.se\/ledare\/varldensbarn\/","title":{"rendered":"V\u00e4rldens Barn"},"content":{"rendered":"<h2>Du kan g\u00f6ra skillnad f\u00f6r n\u00e5gon annan! H\u00e4r \u00e4r n\u00e5gra tips p\u00e5 hur du och\u00a0 din Junis-f\u00f6rening kan engagera er:<\/h2>\n<ul>\n<li><strong><a href=\"https:\/\/start.varldensbarn.se\/tipspromenad\/\">Tipspromenad<\/a><\/strong><br \/>\n\u00c4r det kanske v\u00e4rldens b\u00e4sta insamlingsaktivitet? Tre riktigt bra saker i en: Alla f\u00e5r r\u00f6ra p\u00e5 sig, l\u00e4ra sig n\u00e5got viktigt &#8211; och bidra till barns r\u00e4ttigheter! Dessutom kan ni vara registrera er distans och vara en del av Jorden runt f\u00f6r V\u00e4rldens Barn. S\u00e4tt upp en klassisk tipspromenad eller k\u00f6r den digitalt &#8211; alla fr\u00e5gor och annat marknadsf\u00f6ringsmaterial, s\u00e5 som affischer, finns att ladda ner eller best\u00e4lla <a href=\"https:\/\/start.varldensbarn.se\/tipspromenad\/\">h\u00e4r<\/a>.<\/li>\n<li><strong><a href=\"https:\/\/start.varldensbarn.se\/spring-tips\/\">Junis-loppet: spring f\u00f6r V\u00e4rldens Barn<\/a><br \/>\n<\/strong>Vi v\u00e4lkomnar alla barn att g\u00e5, springa, hoppa, \u00e5ka barnvagn, rullstol, g\u00e5 bakl\u00e4nges, hjula \u2013 ja, ta sig runt som man vill helt enkelt! Alla barn \u00e4r vinnare och syftet \u00e4r att alla barn ska r\u00f6ra p\u00e5 sig och ha kul tillsammans. R\u00f6relsegl\u00e4dje helt enkelt! Under h\u00f6sten anordnas Junis-lopp till f\u00f6rm\u00e5n f\u00f6r V\u00e4rldens Barn. <span style=\"letter-spacing: 0.025em\">Ni kan samla in pengar p\u00e5 olika s\u00e4tt, till exempel genom en l\u00e5g startavgift, frivilliga bidrag i b\u00f6ssan eller genom att s\u00e4lja fika\/korv med br\u00f6d. Anpassa str\u00e4ckan till barnens \u00e5lder och passa p\u00e5 att informera om Junis ordinarie verksamhet. N\u00e4r barnen g\u00e5r i m\u00e5l f\u00e5r alla ett <\/span><a style=\"letter-spacing: 0.025em\" href=\"https:\/\/www.junis.se\/ledare\/wp-content\/uploads\/sites\/2\/2023\/08\/diplomjunisspringerforvarldensbarn2023.pdf\">diplom<\/a><span style=\"letter-spacing: 0.025em\">. H\u00e4ng p\u00e5 med din f\u00f6rening du med!<\/span><\/li>\n<\/ul>\n<ul>\n<li><a href=\"https:\/\/start.varldensbarn.se\/panta\/\"><strong style=\"letter-spacing: 0.025em\">Panta<\/strong><\/a><strong style=\"letter-spacing: 0.025em\"><br \/>\n<\/strong><span style=\"letter-spacing: 0.025em\">Panta burkar \u00e4r b\u00e5de bra f\u00f6r milj\u00f6n och en riktigt bra &#8211; och ganska enkel &#8211; insamlingsaktivitet! Be junisarna fr\u00e5ga sin familj och grannar om pant som ni samlar in i samband med f\u00f6reningens verksamhet. Antingen g\u00e5r n\u00e5gra barn gemensamt med en ledare och pantar, f\u00e5r pengarna och skickar in pengarna till V\u00e4rldens Barn. Eller s\u00e5 samlar en ledare in all pant, pantar och redovisar f\u00f6r alla medlemmar hur mycket pengar det blev till V\u00e4rldens Barn.<\/span><\/li>\n<li><strong><a href=\"https:\/\/bossan.varldensbarn.se\/junis\">Digital insamlingsb\u00f6ssa<\/a><\/strong><br \/>\nJunis har\u00a0 en <a href=\"https:\/\/bossan.varldensbarn.se\/junis\">digital insamlingsb\u00f6ssa<\/a> dit ni kan uppmuntra f\u00f6r\u00e4ldrar och andra att sk\u00e4nka pengar. H\u00e4r kan ni ocks\u00e5 s\u00e4tta in pengar ni p\u00e5 olika s\u00e4tt har samlat in \u2013 till exempel genom att samla pant, s\u00e4lja fika eller ta intr\u00e4de. Om ni vill kunna se hur mycket just er f\u00f6rening eller insamlingsevent drar in till V\u00e4rldens Barn kan ni ocks\u00e5 starta er egen b\u00f6ssa <a href=\"https:\/\/bossan.varldensbarn.se\/starta-insamling\">h\u00e4r<\/a>.<a href=\"https:\/\/varldensbarn.kampanjen.se\/insamlingstips\/\">Ta del av fler insamlingstips<\/a>.<\/li>\n<\/ul>\n<h2>Viktiga datum<\/h2>\n<p>Insamlingen f\u00f6r V\u00e4rldens Barn p\u00e5g\u00e5r under hela \u00e5ret, men \u00e5rets insamlingskulmen ligger vecka 39 och 40.<\/p>\n<p>Sveriges Television har <a href=\"https:\/\/varldensbarn.kampanjen.se\/kalender\/\">program om V\u00e4rldens barn<\/a> under kampanjen:<\/p>\n<ul>\n<li>26 september\u202f- St\u00e5 upp f\u00f6r V\u00e4rldens Barn \u2013 Nu k\u00f6r vi, kl 18.45<\/li>\n<li>3 oktober\u202f- St\u00e5 upp f\u00f6r V\u00e4rldens Barn &#8211; TV-gala, kl. 20.00<\/li>\n<\/ul>\n<p><strong><a href=\"https:\/\/www.iogtntororelsen.se\/\">L\u00e4s mer om IOGT-NTO-r\u00f6relsens internationella arbete<\/a><\/strong><\/p>\n","protected":false},"excerpt":{"rendered":"<p>Du kan g\u00f6ra skillnad f\u00f6r n\u00e5gon annan! H\u00e4r \u00e4r n\u00e5gra tips p\u00e5 hur du och\u00a0 din Junis-f\u00f6rening kan engagera er: Tipspromenad \u00c4r det [&hellip;]<\/p>\n","protected":false},"author":25,"featured_media":2508,"parent":0,"menu_order":0,"comment_status":"closed","ping_status":"closed","template":"","meta":{"footnotes":""},"class_list":["post-1125","page","type-page","status-publish","has-post-thumbnail","hentry"],"_links":{"self":[{"href":"https:\/\/www.junis.se\/ledare\/wp-json\/wp\/v2\/pages\/1125","targetHints":{"allow":["GET"]}}],"collection":[{"href":"https:\/\/www.junis.se\/ledare\/wp-json\/wp\/v2\/pages"}],"about":[{"href":"https:\/\/www.junis.se\/ledare\/wp-json\/wp\/v2\/types\/page"}],"author":[{"embeddable":true,"href":"https:\/\/www.junis.se\/ledare\/wp-json\/wp\/v2\/users\/25"}],"replies":[{"embeddable":true,"href":"https:\/\/www.junis.se\/ledare\/wp-json\/wp\/v2\/comments?post=1125"}],"version-history":[{"count":26,"href":"https:\/\/www.junis.se\/ledare\/wp-json\/wp\/v2\/pages\/1125\/revisions"}],"predecessor-version":[{"id":2801,"href":"https:\/\/www.junis.se\/ledare\/wp-json\/wp\/v2\/pages\/1125\/revisions\/2801"}],"wp:featuredmedia":[{"embeddable":true,"href":"https:\/\/www.junis.se\/ledare\/wp-json\/wp\/v2\/media\/2508"}],"wp:attachment":[{"href":"https:\/\/www.junis.se\/ledare\/wp-json\/wp\/v2\/media?parent=1125"}],"curies":[{"name":"wp","href":"https:\/\/api.w.org\/{rel}","templated":true}]}}