{"id":1452,"date":"2021-01-28T14:25:27","date_gmt":"2021-01-28T13:25:27","guid":{"rendered":"https:\/\/www.junis.se\/ledare\/?page_id=1452"},"modified":"2023-01-29T18:16:17","modified_gmt":"2023-01-29T17:16:17","slug":"motioner","status":"publish","type":"page","link":"https:\/\/www.junis.se\/ledare\/motioner\/","title":{"rendered":"Motioner"},"content":{"rendered":"<p>N\u00e4r du skrivit en motion tas f\u00f6rslaget upp p\u00e5 m\u00f6tet och de som \u00e4r ombud tar st\u00e4llning och r\u00f6star om ditt f\u00f6rslag. Alla registrerade ledare och junisar har r\u00e4tt att motionera till b\u00e5de f\u00f6renings\u00e5rsm\u00f6te, distrikts\u00e5rsm\u00f6te och kongress.<\/p>\n<h3>Skicka in i tid<\/h3>\n<p>F\u00f6r att din motion ska tas upp p\u00e5 m\u00f6tet m\u00e5ste den ha skickats in i tid.<\/p>\n<ul>\n<li>Till f\u00f6renings\u00e5rsm\u00f6tet ska motionen ha inkommit senast vid m\u00f6tets \u00f6ppnande, om f\u00f6reningen inte sj\u00e4lva best\u00e4mt annorlunda i sina stadgar.<\/li>\n<li>Till distrikts\u00e5rsm\u00f6tet ska motionen ha inkommit senast tre veckor innan \u00e5rsm\u00f6tet.<\/li>\n<li>Till 2023 \u00e5rs kongress ska motionen ha inkommit senast 20 april. Motioner skickas p\u00e5 e-post till motion@junis.se.<\/li>\n<\/ul>\n<h3>G\u00f6r barnen delaktiga<\/h3>\n<p>Att jobba med att skriva motioner \u00e4r ett bra s\u00e4tt att visa junisarna att de har m\u00f6jlighet att f\u00f6r\u00e4ndra, b\u00e5de i f\u00f6reningen, distriktet och nationellt. Anv\u00e4nd g\u00e4rna v\u00e5r f\u00f6renklade mall f\u00f6r att motionera. Mallen kan anv\u00e4ndas f\u00f6rslag till b\u00e5de f\u00f6renings\u00e5rsm\u00f6te, distrikts\u00e5rsm\u00f6te och kongress, och av b\u00e5de junisar och ledare. Klicka p\u00e5 bilden f\u00f6r att ladda ner mallen som PDF.<\/p>\n<p><a href=\"https:\/\/www.junis.se\/ledare\/wp-content\/uploads\/sites\/2\/2021\/01\/skrivenmotion.pdf\" target=\"_blank\" rel=\"noopener\"><img loading=\"lazy\" decoding=\"async\" class=\"aligncenter wp-image-1454 size-medium\" src=\"https:\/\/www.junis.se\/ledare\/wp-content\/uploads\/sites\/2\/2021\/01\/skrivenmotion-380x537.jpg\" alt=\"Skriv en motion\" width=\"380\" height=\"537\" srcset=\"https:\/\/www.junis.se\/ledare\/wp-content\/uploads\/sites\/2\/2021\/01\/skrivenmotion-380x537.jpg 380w, https:\/\/www.junis.se\/ledare\/wp-content\/uploads\/sites\/2\/2021\/01\/skrivenmotion-900x1273.jpg 900w, https:\/\/www.junis.se\/ledare\/wp-content\/uploads\/sites\/2\/2021\/01\/skrivenmotion-768x1086.jpg 768w, https:\/\/www.junis.se\/ledare\/wp-content\/uploads\/sites\/2\/2021\/01\/skrivenmotion-1086x1536.jpg 1086w, https:\/\/www.junis.se\/ledare\/wp-content\/uploads\/sites\/2\/2021\/01\/skrivenmotion-1448x2048.jpg 1448w, https:\/\/www.junis.se\/ledare\/wp-content\/uploads\/sites\/2\/2021\/01\/skrivenmotion-150x212.jpg 150w, https:\/\/www.junis.se\/ledare\/wp-content\/uploads\/sites\/2\/2021\/01\/skrivenmotion-1200x1697.jpg 1200w, https:\/\/www.junis.se\/ledare\/wp-content\/uploads\/sites\/2\/2021\/01\/skrivenmotion-370x523.jpg 370w, https:\/\/www.junis.se\/ledare\/wp-content\/uploads\/sites\/2\/2021\/01\/skrivenmotion.jpg 1654w\" sizes=\"auto, (max-width: 380px) 100vw, 380px\" \/><\/a><\/p>\n<p>&nbsp;<\/p>\n<p>&nbsp;<\/p>\n","protected":false},"excerpt":{"rendered":"<p>N\u00e4r du skrivit en motion tas f\u00f6rslaget upp p\u00e5 m\u00f6tet och de som \u00e4r ombud tar st\u00e4llning och r\u00f6star om ditt f\u00f6rslag. Alla [&hellip;]<\/p>\n","protected":false},"author":24,"featured_media":1457,"parent":0,"menu_order":0,"comment_status":"closed","ping_status":"closed","template":"","meta":{"footnotes":""},"class_list":["post-1452","page","type-page","status-publish","has-post-thumbnail","hentry"],"_links":{"self":[{"href":"https:\/\/www.junis.se\/ledare\/wp-json\/wp\/v2\/pages\/1452","targetHints":{"allow":["GET"]}}],"collection":[{"href":"https:\/\/www.junis.se\/ledare\/wp-json\/wp\/v2\/pages"}],"about":[{"href":"https:\/\/www.junis.se\/ledare\/wp-json\/wp\/v2\/types\/page"}],"author":[{"embeddable":true,"href":"https:\/\/www.junis.se\/ledare\/wp-json\/wp\/v2\/users\/24"}],"replies":[{"embeddable":true,"href":"https:\/\/www.junis.se\/ledare\/wp-json\/wp\/v2\/comments?post=1452"}],"version-history":[{"count":6,"href":"https:\/\/www.junis.se\/ledare\/wp-json\/wp\/v2\/pages\/1452\/revisions"}],"predecessor-version":[{"id":2330,"href":"https:\/\/www.junis.se\/ledare\/wp-json\/wp\/v2\/pages\/1452\/revisions\/2330"}],"wp:featuredmedia":[{"embeddable":true,"href":"https:\/\/www.junis.se\/ledare\/wp-json\/wp\/v2\/media\/1457"}],"wp:attachment":[{"href":"https:\/\/www.junis.se\/ledare\/wp-json\/wp\/v2\/media?parent=1452"}],"curies":[{"name":"wp","href":"https:\/\/api.w.org\/{rel}","templated":true}]}}