{"id":1503,"date":"2021-02-05T18:55:53","date_gmt":"2021-02-05T17:55:53","guid":{"rendered":"https:\/\/www.junis.se\/ledare\/?page_id=1503"},"modified":"2021-02-09T10:32:05","modified_gmt":"2021-02-09T09:32:05","slug":"medlemskap","status":"publish","type":"page","link":"https:\/\/www.junis.se\/ledare\/medlemskap\/","title":{"rendered":"Olika s\u00e4tt att bekr\u00e4fta medlemskapet"},"content":{"rendered":"<p>Det finns olika s\u00e4tt som medlemmar kan ta st\u00e4llning till sitt medlemskap p\u00e5. Det \u00e4r den lokala f\u00f6reningen som best\u00e4mmer vilket\/vilka s\u00e4tt som de vill anv\u00e4nda sig av.<\/p>\n<p><strong>Olika s\u00e4tt f\u00f6r medlemmar att bekr\u00e4fta sitt medlemskap:<\/strong><\/p>\n<ul>\n<li>Registrera sig via onlineregistreringen (med betalmodulen avslagen).<\/li>\n<li>Betalning av medlemsavgift (via betalmodulen eller direkt till f\u00f6reningen)<\/li>\n<li>Skriva under medlemskortet.<\/li>\n<li>Skriva under en lista d\u00e4r man intygar att man vill vara medlem i Junis under \u00e5ret. Det g\u00e5r att h\u00e4mta f\u00e4rdiga listor p\u00e5 f\u00f6rra \u00e5rets medlemmar i eBas genom att st\u00e4lla in f\u00f6reg\u00e5ende \u00e5r i systemet och g\u00e5 till medlemslista. D\u00e4r kan man trycka p\u00e5 knappen &#8221;Lista: F\u00f6rnya medlemskap 2021&#8221; f\u00f6r att ta ut en f\u00e4rdig lista som barnen kan skriva under.<\/li>\n<\/ul>\n<p><strong>Betalning av medlemsavgift\u00a0<\/strong><br \/>\nOm en f\u00f6rening har medlemsavgift r\u00e4cker det att medlemmen betalar avgiften f\u00f6r att det ska r\u00e4knas som att medlemmen har tagit aktiv st\u00e4llning f\u00f6r att hen vill vara med under \u00e5ret. Anv\u00e4nder f\u00f6reningen onlineregistreringen med betalmodulen p\u00e5slagen s\u00e5 registreras betalningen och betaldatumet\u00a0 automatiskt via eBas. Om f\u00f6reningen tar in betalning utanf\u00f6r eBas m\u00e5ste ledarna l\u00e4gga in medlemmen i medlemssystemet efter att hen betalt.<\/p>\n<p><strong>Viktigt:<\/strong><br \/>\nInga bekr\u00e4ftelser f\u00e5r vara muntliga. Det m\u00e5ste alltid finnas en skriftlig bekr\u00e4ftelse eller bekr\u00e4ftelse via onlineregistreringen.<\/p>\n","protected":false},"excerpt":{"rendered":"<p>Det finns olika s\u00e4tt som medlemmar kan ta st\u00e4llning till sitt medlemskap p\u00e5. Det \u00e4r den lokala f\u00f6reningen som best\u00e4mmer vilket\/vilka s\u00e4tt som [&hellip;]<\/p>\n","protected":false},"author":26,"featured_media":912,"parent":0,"menu_order":0,"comment_status":"closed","ping_status":"closed","template":"","meta":{"footnotes":""},"class_list":["post-1503","page","type-page","status-publish","has-post-thumbnail","hentry"],"_links":{"self":[{"href":"https:\/\/www.junis.se\/ledare\/wp-json\/wp\/v2\/pages\/1503","targetHints":{"allow":["GET"]}}],"collection":[{"href":"https:\/\/www.junis.se\/ledare\/wp-json\/wp\/v2\/pages"}],"about":[{"href":"https:\/\/www.junis.se\/ledare\/wp-json\/wp\/v2\/types\/page"}],"author":[{"embeddable":true,"href":"https:\/\/www.junis.se\/ledare\/wp-json\/wp\/v2\/users\/26"}],"replies":[{"embeddable":true,"href":"https:\/\/www.junis.se\/ledare\/wp-json\/wp\/v2\/comments?post=1503"}],"version-history":[{"count":10,"href":"https:\/\/www.junis.se\/ledare\/wp-json\/wp\/v2\/pages\/1503\/revisions"}],"predecessor-version":[{"id":1513,"href":"https:\/\/www.junis.se\/ledare\/wp-json\/wp\/v2\/pages\/1503\/revisions\/1513"}],"wp:featuredmedia":[{"embeddable":true,"href":"https:\/\/www.junis.se\/ledare\/wp-json\/wp\/v2\/media\/912"}],"wp:attachment":[{"href":"https:\/\/www.junis.se\/ledare\/wp-json\/wp\/v2\/media?parent=1503"}],"curies":[{"name":"wp","href":"https:\/\/api.w.org\/{rel}","templated":true}]}}