{"id":2002,"date":"2022-02-08T09:25:45","date_gmt":"2022-02-08T08:25:45","guid":{"rendered":"https:\/\/www.junis.se\/ledare\/?page_id=2002"},"modified":"2024-06-14T08:52:46","modified_gmt":"2024-06-14T06:52:46","slug":"sport","status":"publish","type":"page","link":"https:\/\/www.junis.se\/ledare\/sport\/","title":{"rendered":"Junis sport"},"content":{"rendered":"<p>&nbsp;<\/p>\n<p><iframe loading=\"lazy\" title=\"En introduktion till Junis sport\" src=\"https:\/\/player.vimeo.com\/video\/541538203?dnt=1&amp;app_id=122963\" width=\"500\" height=\"281\" frameborder=\"0\" allow=\"autoplay; fullscreen; picture-in-picture; clipboard-write\"><\/iframe><\/p>\n<h3>Starta Junis sport-verksamhet<\/h3>\n<p>Du som ledare beh\u00f6ver inte vara n\u00e5got sportproffs f\u00f6r att leda Junis sport. Det viktigaste \u00e4r att du vill bidra till r\u00f6relsegl\u00e4dje hos barnen och ge dem en trygg och rolig fritid. Genom filmer och material f\u00e5r du l\u00e4ra dig allt du beh\u00f6ver f\u00f6r att leda verksamheten och som grund har du naturligtvis Junis ledarutbildning.<\/p>\n<p>H\u00e4r under hittar du exempel p\u00e5 tr\u00e4ffar inom n\u00e5gra utvalda sporter. Junis sport-materialet kan du dock anv\u00e4nda p\u00e5 vilken sport du \u00e4n vill ha. Ladda ner hela materialet under &#8221;Junis sport &#8211; Materialet&#8221; och anv\u00e4nd riktlinjerna<\/p>\n\t\t<div class=\"factboxmargin\">\n\t\t\t\t\t\t\t<div class=\"elementsch\">\n\t\t\t\t\t<h3 class=\"mhl\">\n\t\t\t\t\t\tJunis sport \u2013 Materialet\t\t\t\t\t<\/h3>\n\t\t\t\t\t<span class=\"expand_in bgspr\"><\/span>\n\t\t\t\t\t<div class=\"fixfloat\"><\/div>\n\t\t\t\t\t\n\t\t\t\t\t<div class=\"incontent\">\n\t\t\t\t\t\t<p><iframe loading=\"lazy\" title=\"Junis Sport - Materialet\" src=\"https:\/\/player.vimeo.com\/video\/547368021?dnt=1&amp;app_id=122963\" width=\"500\" height=\"281\" frameborder=\"0\" allow=\"autoplay; fullscreen; picture-in-picture; clipboard-write\"><\/iframe><\/p>\n<p>Junis sport ledarmaterial utg\u00e5r fr\u00e5n &#8221;Junis-ramen&#8221; d\u00e4r du f\u00e5r ett f\u00e4rdigt koncept med f\u00f6rslag p\u00e5 uppv\u00e4rmningar, huvudaktivitet och avslutning till varje tr\u00e4ff. I materialet hittar du tr\u00e4ffar med flera olika inriktningar, till exempel fotboll, pingis och streethockey, men du kan \u00e4ven l\u00e4tt anv\u00e4nda materialet som en grund f\u00f6r just den sport du sj\u00e4lv vill l\u00e4ra ut.<\/p>\n<p><a href=\"https:\/\/www.junis.se\/ledare\/wp-content\/uploads\/sites\/2\/2022\/02\/junissportledarmaterial2021.pdf\">Ladda ner Junis sport ledarmaterial<\/a><\/p>\n\t\t\t\t\t\t<div class=\"fixfloat\"><\/div>\n\t\t\t\t\t<\/div>\n\t\t\t\t<\/div>\t\n\t\t\t\t\t\t\t<div class=\"elementsch\">\n\t\t\t\t\t<h3 class=\"mhl\">\n\t\t\t\t\t\tJunis sport \u2013 Grafik och mallar\t\t\t\t\t<\/h3>\n\t\t\t\t\t<span class=\"expand_in bgspr\"><\/span>\n\t\t\t\t\t<div class=\"fixfloat\"><\/div>\n\t\t\t\t\t\n\t\t\t\t\t<div class=\"incontent\">\n\t\t\t\t\t\t<h2>Logotyp<\/h2>\n<p><a href=\"https:\/\/www.junis.se\/ledare\/wp-content\/uploads\/sites\/2\/2022\/02\/microsoftteamsimage48.png\"><img loading=\"lazy\" decoding=\"async\" class=\"alignleft wp-image-2005 size-small_image\" src=\"https:\/\/www.junis.se\/ledare\/wp-content\/uploads\/sites\/2\/2022\/02\/microsoftteamsimage48-150x121.png\" alt=\"\" width=\"150\" height=\"121\" srcset=\"https:\/\/www.junis.se\/ledare\/wp-content\/uploads\/sites\/2\/2022\/02\/microsoftteamsimage48-150x121.png 150w, https:\/\/www.junis.se\/ledare\/wp-content\/uploads\/sites\/2\/2022\/02\/microsoftteamsimage48-380x307.png 380w, https:\/\/www.junis.se\/ledare\/wp-content\/uploads\/sites\/2\/2022\/02\/microsoftteamsimage48-900x728.png 900w, https:\/\/www.junis.se\/ledare\/wp-content\/uploads\/sites\/2\/2022\/02\/microsoftteamsimage48-768x621.png 768w, https:\/\/www.junis.se\/ledare\/wp-content\/uploads\/sites\/2\/2022\/02\/microsoftteamsimage48-400x320.png 400w, https:\/\/www.junis.se\/ledare\/wp-content\/uploads\/sites\/2\/2022\/02\/microsoftteamsimage48-370x299.png 370w, https:\/\/www.junis.se\/ledare\/wp-content\/uploads\/sites\/2\/2022\/02\/microsoftteamsimage48.png 1098w\" sizes=\"auto, (max-width: 150px) 100vw, 150px\" \/><\/a><\/p>\n<hr \/>\n<p>Klicka p\u00e5 logotypen f\u00f6r st\u00f6rre version att spara ner.<\/p>\n<p><a href=\"https:\/\/www.junis.se\/ledare\/wp-content\/uploads\/sites\/2\/2022\/02\/junissport.zip\" target=\"_blank\" rel=\"noopener\">Ladda ner logotypen f\u00f6r tryck h\u00e4r<\/a><\/p>\n<h3>Mallar<\/h3>\n<p><a href=\"https:\/\/www.dropbox.com\/sh\/lcqoaznesmndnxj\/AACQwxPb3pbQIbaLEQ6stebYa?st=kidchw72&amp;dl=0\">Ladda ner mallar f\u00f6r inbjudningar och marknadsf\u00f6ring av Junis sport-aktiviteter h\u00e4r\u00a0<\/a><\/p>\n\t\t\t\t\t\t<div class=\"fixfloat\"><\/div>\n\t\t\t\t\t<\/div>\n\t\t\t\t<\/div>\t\n\t\t\t\t\t\t\t<div class=\"elementsch\">\n\t\t\t\t\t<h3 class=\"mhl\">\n\t\t\t\t\t\tJunis sport \u2013 Pingis\t\t\t\t\t<\/h3>\n\t\t\t\t\t<span class=\"expand_in bgspr\"><\/span>\n\t\t\t\t\t<div class=\"fixfloat\"><\/div>\n\t\t\t\t\t\n\t\t\t\t\t<div class=\"incontent\">\n\t\t\t\t\t\t<p><iframe loading=\"lazy\" title=\"Junis Sport - Pingis\" src=\"https:\/\/player.vimeo.com\/video\/560375336?dnt=1&amp;app_id=122963\" width=\"500\" height=\"281\" frameborder=\"0\" allow=\"autoplay; fullscreen; picture-in-picture; clipboard-write\"><\/iframe><\/p>\n<p><a href=\"https:\/\/www.junis.se\/ledare\/wp-content\/uploads\/sites\/2\/2022\/03\/junissportpingis.pdf\">Ladda ner ledarmaterial f\u00f6r Junis sport &#8211; pingis<\/a><\/p>\n\t\t\t\t\t\t<div class=\"fixfloat\"><\/div>\n\t\t\t\t\t<\/div>\n\t\t\t\t<\/div>\t\n\t\t\t\t\t\t\t<div class=\"elementsch\">\n\t\t\t\t\t<h3 class=\"mhl\">\n\t\t\t\t\t\tJunis sport \u2013 Frisbeegolf\t\t\t\t\t<\/h3>\n\t\t\t\t\t<span class=\"expand_in bgspr\"><\/span>\n\t\t\t\t\t<div class=\"fixfloat\"><\/div>\n\t\t\t\t\t\n\t\t\t\t\t<div class=\"incontent\">\n\t\t\t\t\t\t<p><iframe loading=\"lazy\" title=\"Junis Sport - Frisbeegolf\" src=\"https:\/\/player.vimeo.com\/video\/558439791?dnt=1&amp;app_id=122963\" width=\"500\" height=\"281\" frameborder=\"0\" allow=\"autoplay; fullscreen; picture-in-picture; clipboard-write\"><\/iframe><\/p>\n<p><a href=\"https:\/\/www.junis.se\/ledare\/wp-content\/uploads\/sites\/2\/2022\/03\/junissportfrisbeegolf.pdf\">Ladda ner ledarmaterial f\u00f6r Junis sport &#8211; frisbeegolf<\/a><\/p>\n\t\t\t\t\t\t<div class=\"fixfloat\"><\/div>\n\t\t\t\t\t<\/div>\n\t\t\t\t<\/div>\t\n\t\t\t\t\t\t\t<div class=\"elementsch\">\n\t\t\t\t\t<h3 class=\"mhl\">\n\t\t\t\t\t\tOm Junis och Generation Pep\t\t\t\t\t<\/h3>\n\t\t\t\t\t<span class=\"expand_in bgspr\"><\/span>\n\t\t\t\t\t<div class=\"fixfloat\"><\/div>\n\t\t\t\t\t\n\t\t\t\t\t<div class=\"incontent\">\n\t\t\t\t\t\t<p><img loading=\"lazy\" decoding=\"async\" class=\"aligncenter size-small_image wp-image-2022\" src=\"https:\/\/www.junis.se\/ledare\/wp-content\/uploads\/sites\/2\/2022\/02\/generationpepfolkrorelselogopink-150x161.png\" alt=\"\" width=\"150\" height=\"161\" srcset=\"https:\/\/www.junis.se\/ledare\/wp-content\/uploads\/sites\/2\/2022\/02\/generationpepfolkrorelselogopink-150x161.png 150w, https:\/\/www.junis.se\/ledare\/wp-content\/uploads\/sites\/2\/2022\/02\/generationpepfolkrorelselogopink.png 323w\" sizes=\"auto, (max-width: 150px) 100vw, 150px\" \/><\/p>\n<p>Sedan 2020 \u00e4r Junis en del av n\u00e4tverket Generation Pep. Syftet \u00e4r att st\u00e4rka Junis arbete med att ge barn en trygg, rolig och aktiv fritid. M\u00e5nga barn trivs hos Junis eftersom det \u00e4r en verksamhet som inte bygger p\u00e5 t\u00e4vling och uttagning. Nu vill vi v\u00e4xla upp den fysiska r\u00f6relsen inom Junis och skapa en aktiv milj\u00f6 d\u00e4r alla kan delta p\u00e5 sina egna villor.<\/p>\n<p><a href=\"https:\/\/generationpep.se\/sv\/\" target=\"_blank\" rel=\"noopener\">L\u00e4s mer om Generation Pep h\u00e4r<\/a><\/p>\n<p>&nbsp;<\/p>\n<p>&nbsp;<\/p>\n\t\t\t\t\t\t<div class=\"fixfloat\"><\/div>\n\t\t\t\t\t<\/div>\n\t\t\t\t<\/div>\t\n\t\t\t\t\t<\/div>\n\t\n<h3>Junis-loppet<\/h3>\n<p>Vi v\u00e4lkomnar alla barn att g\u00e5, springa, hoppa, \u00e5ka barnvagn, rullstol, g\u00e5 bakl\u00e4nges, hjula \u2013 ja, ta sig runt som man vill helt enkelt! Alla barn \u00e4r vinnare och syftet \u00e4r att alla barn ska r\u00f6ra p\u00e5 sig och ha kul tillsammans. R\u00f6relsegl\u00e4dje helt enkelt.<\/p>\n<p>Generation Peps \u00e5rliga rapport visar att endast 2 av 10 barn r\u00f6r sig tillr\u00e4ckligt. Vi anordnar roliga evenemang som Junis-lopp f\u00f6r att uppmuntra r\u00f6relsegl\u00e4dje, sj\u00e4lvklart utifr\u00e5n barnens egna f\u00f6ruts\u00e4ttningar. Under h\u00f6sten anordnas Junis-lopp tillsammans med insamlingar till f\u00f6rm\u00e5n f\u00f6r <a href=\"https:\/\/varldensbarn.kampanjen.se\/\">V\u00e4rldens Barn<\/a>. Junis \u00e4r, som en del av IOGT-NTO-r\u00f6relsen en av organisationerna som st\u00e5r bakom V\u00e4rldens Barn-kampanjen.<\/p>\n<p>Vi har tagit fram material som en hj\u00e4lp f\u00f6r att anordna Junis-lopp. I manualen finns det enkla tips och viktiga saker att t\u00e4nka p\u00e5 som arrang\u00f6r av ett Junis-lopp. Det finns \u00e4ven en speciell logotyp f\u00f6r Junis-loppet och mallar f\u00f6r affischer.<\/p>\n\t\t<div class=\"factboxmargin\">\n\t\t\t\t\t\t\t<div class=\"elementsch\">\n\t\t\t\t\t<h3 class=\"mhl\">\n\t\t\t\t\t\tJunis-loppet \u2013 Materialet\t\t\t\t\t<\/h3>\n\t\t\t\t\t<span class=\"expand_in bgspr\"><\/span>\n\t\t\t\t\t<div class=\"fixfloat\"><\/div>\n\t\t\t\t\t\n\t\t\t\t\t<div class=\"incontent\">\n\t\t\t\t\t\t<h3>Manual<\/h3>\n<p><a href=\"https:\/\/www.junis.se\/ledare\/wp-content\/uploads\/sites\/2\/2024\/06\/manualjunisloppet2024.pdf\">Ladda ner manual f\u00f6r att arrangera Junis-loppet<\/a><\/p>\n<h3>Logotyp<\/h3>\n<p>Klicka p\u00e5 logotypen f\u00f6r st\u00f6rre version att spara ner.<\/p>\n<p><a href=\"https:\/\/www.junis.se\/ledare\/wp-content\/uploads\/sites\/2\/2024\/06\/junisloppetfargglad.png\"><img loading=\"lazy\" decoding=\"async\" class=\"alignleft size-small_image wp-image-2686\" src=\"https:\/\/www.junis.se\/ledare\/wp-content\/uploads\/sites\/2\/2024\/06\/junisloppetfargglad-150x106.png\" alt=\"Junis-loppet f\u00e4rgglad\" width=\"150\" height=\"106\" srcset=\"https:\/\/www.junis.se\/ledare\/wp-content\/uploads\/sites\/2\/2024\/06\/junisloppetfargglad-150x106.png 150w, https:\/\/www.junis.se\/ledare\/wp-content\/uploads\/sites\/2\/2024\/06\/junisloppetfargglad-380x269.png 380w, https:\/\/www.junis.se\/ledare\/wp-content\/uploads\/sites\/2\/2024\/06\/junisloppetfargglad-900x636.png 900w, https:\/\/www.junis.se\/ledare\/wp-content\/uploads\/sites\/2\/2024\/06\/junisloppetfargglad-768x543.png 768w, https:\/\/www.junis.se\/ledare\/wp-content\/uploads\/sites\/2\/2024\/06\/junisloppetfargglad-1536x1086.png 1536w, https:\/\/www.junis.se\/ledare\/wp-content\/uploads\/sites\/2\/2024\/06\/junisloppetfargglad-2048x1448.png 2048w, https:\/\/www.junis.se\/ledare\/wp-content\/uploads\/sites\/2\/2024\/06\/junisloppetfargglad-1200x848.png 1200w, https:\/\/www.junis.se\/ledare\/wp-content\/uploads\/sites\/2\/2024\/06\/junisloppetfargglad-370x262.png 370w\" sizes=\"auto, (max-width: 150px) 100vw, 150px\" \/><\/a><\/p>\n<p><a href=\"https:\/\/www.junis.se\/ledare\/wp-content\/uploads\/sites\/2\/2024\/06\/junisloppetvit.png\"><img loading=\"lazy\" decoding=\"async\" class=\"alignleft size-small_image wp-image-2690\" src=\"https:\/\/www.junis.se\/ledare\/wp-content\/uploads\/sites\/2\/2024\/06\/junisloppetvit-150x106.png\" alt=\"Junis-loppet vit\" width=\"150\" height=\"106\" srcset=\"https:\/\/www.junis.se\/ledare\/wp-content\/uploads\/sites\/2\/2024\/06\/junisloppetvit-150x106.png 150w, https:\/\/www.junis.se\/ledare\/wp-content\/uploads\/sites\/2\/2024\/06\/junisloppetvit-380x269.png 380w, https:\/\/www.junis.se\/ledare\/wp-content\/uploads\/sites\/2\/2024\/06\/junisloppetvit-900x636.png 900w, https:\/\/www.junis.se\/ledare\/wp-content\/uploads\/sites\/2\/2024\/06\/junisloppetvit-768x543.png 768w, https:\/\/www.junis.se\/ledare\/wp-content\/uploads\/sites\/2\/2024\/06\/junisloppetvit-1536x1086.png 1536w, https:\/\/www.junis.se\/ledare\/wp-content\/uploads\/sites\/2\/2024\/06\/junisloppetvit-2048x1448.png 2048w, https:\/\/www.junis.se\/ledare\/wp-content\/uploads\/sites\/2\/2024\/06\/junisloppetvit-1200x848.png 1200w, https:\/\/www.junis.se\/ledare\/wp-content\/uploads\/sites\/2\/2024\/06\/junisloppetvit-370x262.png 370w\" sizes=\"auto, (max-width: 150px) 100vw, 150px\" \/><\/a><a href=\"https:\/\/www.junis.se\/ledare\/wp-content\/uploads\/sites\/2\/2024\/06\/junisloppetsvart.png\"><img loading=\"lazy\" decoding=\"async\" class=\"alignleft size-small_image wp-image-2689\" src=\"https:\/\/www.junis.se\/ledare\/wp-content\/uploads\/sites\/2\/2024\/06\/junisloppetsvart-150x106.png\" alt=\"Junis-loppet svart\" width=\"150\" height=\"106\" srcset=\"https:\/\/www.junis.se\/ledare\/wp-content\/uploads\/sites\/2\/2024\/06\/junisloppetsvart-150x106.png 150w, https:\/\/www.junis.se\/ledare\/wp-content\/uploads\/sites\/2\/2024\/06\/junisloppetsvart-380x269.png 380w, https:\/\/www.junis.se\/ledare\/wp-content\/uploads\/sites\/2\/2024\/06\/junisloppetsvart-900x636.png 900w, https:\/\/www.junis.se\/ledare\/wp-content\/uploads\/sites\/2\/2024\/06\/junisloppetsvart-768x543.png 768w, https:\/\/www.junis.se\/ledare\/wp-content\/uploads\/sites\/2\/2024\/06\/junisloppetsvart-1536x1086.png 1536w, https:\/\/www.junis.se\/ledare\/wp-content\/uploads\/sites\/2\/2024\/06\/junisloppetsvart-2048x1448.png 2048w, https:\/\/www.junis.se\/ledare\/wp-content\/uploads\/sites\/2\/2024\/06\/junisloppetsvart-1200x848.png 1200w, https:\/\/www.junis.se\/ledare\/wp-content\/uploads\/sites\/2\/2024\/06\/junisloppetsvart-370x262.png 370w\" sizes=\"auto, (max-width: 150px) 100vw, 150px\" \/><\/a><\/p>\n<p>&nbsp;<\/p>\n<p><a href=\"https:\/\/www.junis.se\/ledare\/wp-content\/uploads\/sites\/2\/2024\/06\/junisloppetvidmedfargbild.png\"><img loading=\"lazy\" decoding=\"async\" class=\"alignleft size-small_image wp-image-2687\" src=\"https:\/\/www.junis.se\/ledare\/wp-content\/uploads\/sites\/2\/2024\/06\/junisloppetvidmedfargbild-150x106.png\" alt=\"Junis-loppet vit med f\u00e4rgbild\" width=\"150\" height=\"106\" srcset=\"https:\/\/www.junis.se\/ledare\/wp-content\/uploads\/sites\/2\/2024\/06\/junisloppetvidmedfargbild-150x106.png 150w, https:\/\/www.junis.se\/ledare\/wp-content\/uploads\/sites\/2\/2024\/06\/junisloppetvidmedfargbild-380x269.png 380w, https:\/\/www.junis.se\/ledare\/wp-content\/uploads\/sites\/2\/2024\/06\/junisloppetvidmedfargbild-900x636.png 900w, https:\/\/www.junis.se\/ledare\/wp-content\/uploads\/sites\/2\/2024\/06\/junisloppetvidmedfargbild-768x543.png 768w, https:\/\/www.junis.se\/ledare\/wp-content\/uploads\/sites\/2\/2024\/06\/junisloppetvidmedfargbild-1536x1086.png 1536w, https:\/\/www.junis.se\/ledare\/wp-content\/uploads\/sites\/2\/2024\/06\/junisloppetvidmedfargbild-2048x1448.png 2048w, https:\/\/www.junis.se\/ledare\/wp-content\/uploads\/sites\/2\/2024\/06\/junisloppetvidmedfargbild-1200x848.png 1200w, https:\/\/www.junis.se\/ledare\/wp-content\/uploads\/sites\/2\/2024\/06\/junisloppetvidmedfargbild-370x262.png 370w\" sizes=\"auto, (max-width: 150px) 100vw, 150px\" \/><\/a>\u00a0 \u00a0 <a href=\"https:\/\/www.junis.se\/ledare\/wp-content\/uploads\/sites\/2\/2024\/06\/junisloppetrod.png\"><img loading=\"lazy\" decoding=\"async\" class=\"alignleft size-small_image wp-image-2688\" src=\"https:\/\/www.junis.se\/ledare\/wp-content\/uploads\/sites\/2\/2024\/06\/junisloppetrod-150x106.png\" alt=\"Junis-loppet R\u00f6d\" width=\"150\" height=\"106\" srcset=\"https:\/\/www.junis.se\/ledare\/wp-content\/uploads\/sites\/2\/2024\/06\/junisloppetrod-150x106.png 150w, https:\/\/www.junis.se\/ledare\/wp-content\/uploads\/sites\/2\/2024\/06\/junisloppetrod-380x269.png 380w, https:\/\/www.junis.se\/ledare\/wp-content\/uploads\/sites\/2\/2024\/06\/junisloppetrod-900x636.png 900w, https:\/\/www.junis.se\/ledare\/wp-content\/uploads\/sites\/2\/2024\/06\/junisloppetrod-768x543.png 768w, https:\/\/www.junis.se\/ledare\/wp-content\/uploads\/sites\/2\/2024\/06\/junisloppetrod-1536x1086.png 1536w, https:\/\/www.junis.se\/ledare\/wp-content\/uploads\/sites\/2\/2024\/06\/junisloppetrod-2048x1448.png 2048w, https:\/\/www.junis.se\/ledare\/wp-content\/uploads\/sites\/2\/2024\/06\/junisloppetrod-1200x848.png 1200w, https:\/\/www.junis.se\/ledare\/wp-content\/uploads\/sites\/2\/2024\/06\/junisloppetrod-370x262.png 370w\" sizes=\"auto, (max-width: 150px) 100vw, 150px\" \/><\/a><\/p>\n<p>&nbsp;<\/p>\n<p>&nbsp;<\/p>\n<h3><\/h3>\n<h3><\/h3>\n<h3><\/h3>\n<h3><\/h3>\n<p>&nbsp;<\/p>\n<p>&nbsp;<\/p>\n<p>&nbsp;<\/p>\n<h3>Affischer<\/h3>\n<p><a href=\"https:\/\/www.dropbox.com\/scl\/fo\/s1hhc3qity9rjt6z1bvw0\/ANJn-i4Plmv8xifUyF99SEI\/Junis-loppet?rlkey=myunzmqoy6kq8pokyl2ijsc98&amp;e=1&amp;st=esrakweu&amp;subfolder_nav_tracking=1&amp;dl=0\">Ladda ner affischmallar f\u00f6r Junis-loppet h\u00e4r<\/a><\/p>\n<p>&nbsp;<\/p>\n\t\t\t\t\t\t<div class=\"fixfloat\"><\/div>\n\t\t\t\t\t<\/div>\n\t\t\t\t<\/div>\t\n\t\t\t\t\t<\/div>\n\t\n<h3>Mer information<\/h3>\n<p>Kontakta Junis via Ola S\u00f6derqvist ola@junis.se om du vill veta mer om Junis sport och Junis-loppet eller starta din egen Junis sport-verksamhet.<\/p>\n","protected":false},"excerpt":{"rendered":"<p>&nbsp; Starta Junis sport-verksamhet Du som ledare beh\u00f6ver inte vara n\u00e5got sportproffs f\u00f6r att leda Junis sport. Det viktigaste \u00e4r att du vill [&hellip;]<\/p>\n","protected":false},"author":24,"featured_media":2003,"parent":0,"menu_order":0,"comment_status":"closed","ping_status":"closed","template":"","meta":{"footnotes":""},"class_list":["post-2002","page","type-page","status-publish","has-post-thumbnail","hentry"],"_links":{"self":[{"href":"https:\/\/www.junis.se\/ledare\/wp-json\/wp\/v2\/pages\/2002","targetHints":{"allow":["GET"]}}],"collection":[{"href":"https:\/\/www.junis.se\/ledare\/wp-json\/wp\/v2\/pages"}],"about":[{"href":"https:\/\/www.junis.se\/ledare\/wp-json\/wp\/v2\/types\/page"}],"author":[{"embeddable":true,"href":"https:\/\/www.junis.se\/ledare\/wp-json\/wp\/v2\/users\/24"}],"replies":[{"embeddable":true,"href":"https:\/\/www.junis.se\/ledare\/wp-json\/wp\/v2\/comments?post=2002"}],"version-history":[{"count":21,"href":"https:\/\/www.junis.se\/ledare\/wp-json\/wp\/v2\/pages\/2002\/revisions"}],"predecessor-version":[{"id":2694,"href":"https:\/\/www.junis.se\/ledare\/wp-json\/wp\/v2\/pages\/2002\/revisions\/2694"}],"wp:featuredmedia":[{"embeddable":true,"href":"https:\/\/www.junis.se\/ledare\/wp-json\/wp\/v2\/media\/2003"}],"wp:attachment":[{"href":"https:\/\/www.junis.se\/ledare\/wp-json\/wp\/v2\/media?parent=2002"}],"curies":[{"name":"wp","href":"https:\/\/api.w.org\/{rel}","templated":true}]}}