{"id":2031,"date":"2022-02-16T12:45:41","date_gmt":"2022-02-16T11:45:41","guid":{"rendered":"https:\/\/www.junis.se\/ledare\/?page_id=2031"},"modified":"2025-11-24T13:44:38","modified_gmt":"2025-11-24T12:44:38","slug":"ledarbekraftelse","status":"publish","type":"page","link":"https:\/\/www.junis.se\/ledare\/ledarbekraftelse\/","title":{"rendered":"Ledarbekr\u00e4ftelse"},"content":{"rendered":"<p>Vi beh\u00f6ver veta om du som \u00e4r mellan 15 och 25 \u00e5r, under \u00e5r 2025, har varit eller \u00e4r aktiv i Junis. Att vara ledare i Junis kan inneb\u00e4ra att ha veckoverksamhet, sitta i en styrelse, vara ledare p\u00e5 l\u00e4ger, att hj\u00e4lpa till p\u00e5 discon d\u00e5 och d\u00e5 eller liknande.<\/p>\n<p><a href=\"https:\/\/forms.office.com\/e\/0sRqCyDqFJ\" target=\"_blank\" rel=\"noopener\">Klicka h\u00e4r f\u00f6r att fylla i Junis ledarbekr\u00e4ftelse 2025<\/a><\/p>\n","protected":false},"excerpt":{"rendered":"<p>Vi beh\u00f6ver veta om du som \u00e4r mellan 15 och 25 \u00e5r, under \u00e5r 2025, har varit eller \u00e4r aktiv i Junis. Att [&hellip;]<\/p>\n","protected":false},"author":24,"featured_media":2032,"parent":0,"menu_order":0,"comment_status":"closed","ping_status":"closed","template":"","meta":{"footnotes":""},"class_list":["post-2031","page","type-page","status-publish","has-post-thumbnail","hentry"],"_links":{"self":[{"href":"https:\/\/www.junis.se\/ledare\/wp-json\/wp\/v2\/pages\/2031","targetHints":{"allow":["GET"]}}],"collection":[{"href":"https:\/\/www.junis.se\/ledare\/wp-json\/wp\/v2\/pages"}],"about":[{"href":"https:\/\/www.junis.se\/ledare\/wp-json\/wp\/v2\/types\/page"}],"author":[{"embeddable":true,"href":"https:\/\/www.junis.se\/ledare\/wp-json\/wp\/v2\/users\/24"}],"replies":[{"embeddable":true,"href":"https:\/\/www.junis.se\/ledare\/wp-json\/wp\/v2\/comments?post=2031"}],"version-history":[{"count":8,"href":"https:\/\/www.junis.se\/ledare\/wp-json\/wp\/v2\/pages\/2031\/revisions"}],"predecessor-version":[{"id":2338,"href":"https:\/\/www.junis.se\/ledare\/wp-json\/wp\/v2\/pages\/2031\/revisions\/2338"}],"wp:featuredmedia":[{"embeddable":true,"href":"https:\/\/www.junis.se\/ledare\/wp-json\/wp\/v2\/media\/2032"}],"wp:attachment":[{"href":"https:\/\/www.junis.se\/ledare\/wp-json\/wp\/v2\/media?parent=2031"}],"curies":[{"name":"wp","href":"https:\/\/api.w.org\/{rel}","templated":true}]}}