{"id":2155,"date":"2022-05-29T22:17:22","date_gmt":"2022-05-29T20:17:22","guid":{"rendered":"https:\/\/www.junis.se\/ledare\/?page_id=2155"},"modified":"2022-05-31T17:16:15","modified_gmt":"2022-05-31T15:16:15","slug":"sprid-vart-budskap","status":"publish","type":"page","link":"https:\/\/www.junis.se\/ledare\/sprid-vart-budskap\/","title":{"rendered":"Sprid v\u00e5rt budskap"},"content":{"rendered":"<ul>\n<li><strong>Starta en egen Facebook-insamling<\/strong><br \/>\nP\u00e5 Facebook kan du sj\u00e4lv skapa en insamling dit dina v\u00e4nner kan sk\u00e4nka ett bidrag f\u00f6r att st\u00f6dja en ideell organisation. Funktionen kan till exempel anv\u00e4ndas som en f\u00f6delsedagsinsamling. G\u00e5 till <a href=\"https:\/\/www.facebook.com\/fundraisers\/\">Facebooks Fundraiser-sida<\/a>, klicka p\u00e5 V\u00e4lj ideell organisation och s\u00f6k efter Junis.<\/li>\n<li><strong>Dela Junis inl\u00e4gg p\u00e5 sociala medier<br \/>\n<\/strong>Gilla och dela g\u00e4rna v\u00e5ra inl\u00e4gg i v\u00e5ra sociala medier s\u00e5 att vi n\u00e5r s\u00e5 m\u00e5nga som m\u00f6jligt med v\u00e5r verksamhet. H\u00e4r finns vi:<br \/>\n<a href=\"https:\/\/www.instagram.com\/junisibilder\/\">Instagram<\/a><br \/>\n<a href=\"https:\/\/www.facebook.com\/junisforbundet\">Facebook<\/a><br \/>\n<a href=\"https:\/\/www.youtube.com\/channel\/UCmP4w_zFoLnejyBKVlXR1Zg\">Youtube<\/a><br \/>\n<a href=\"https:\/\/www.linkedin.com\/company\/junis\/\">LinkedIn\u00a0<\/a><\/li>\n<li><strong>K\u00f6p en Miljonlott<\/strong><br \/>\nAllt \u00f6verskott fr\u00e5n Miljonlotteriet g\u00e5r till IOGT-NTO-r\u00f6relsen och bidrar till att Junis har m\u00f6jlighet att ge barn en rolig verksamhet och minnen f\u00f6r livet. Genom att prenumerera p\u00e5 lotter fr\u00e5n Miljonlotteriet st\u00f6der du regelbundet Junis arbete, samtidigt som du har chans att sj\u00e4lv vinna. L\u00e4s mer p\u00e5 <a href=\"https:\/\/www.miljonlotteriet.se\/\">Miljonlotteriets hemsida<\/a>.<\/li>\n<li><span style=\"letter-spacing: 0.025em\"><strong>Dela inl\u00e4gg p\u00e5 dina egna sociala medier<\/strong><br \/>\n<a href=\"https:\/\/www.dropbox.com\/sh\/0wdaah88cgic07w\/AAAD4KUcWT4gQlTPn-ZecEy2a\/St%C3%B6d%20oss?dl=0\">H\u00e4r<\/a> kan du hitta mallar f\u00f6r att st\u00f6dja Junis, d\u00e4r v\u00e5rt Swish-nummer \u00e4r inkluderat. Mallarna passar f\u00f6r Instagrams och Facebooks format.<br \/>\n<\/span><br \/>\n<a href=\"https:\/\/www.dropbox.com\/sh\/0wdaah88cgic07w\/AAAD4KUcWT4gQlTPn-ZecEy2a\/St%C3%B6d%20oss?dl=0\">Ladda ner mall f\u00f6r sociala medier<\/a><\/li>\n<li><strong>Affischera<\/strong><br \/>\n<a href=\"https:\/\/www.dropbox.com\/sh\/0wdaah88cgic07w\/AAAD4KUcWT4gQlTPn-ZecEy2a\/St%C3%B6d%20oss?dl=0\">H\u00e4r<\/a> kan du hitta A4-mallar som informerar om att man kan bidra till Junis ekonomiskt. Skriv ut och s\u00e4tt upp p\u00e5 l\u00e4mpliga st\u00e4llen f\u00f6r att f\u00e5 fler att st\u00f6dja oss!<\/p>\n<p><a href=\"https:\/\/www.dropbox.com\/sh\/0wdaah88cgic07w\/AAAD4KUcWT4gQlTPn-ZecEy2a\/St%C3%B6d%20oss?dl=0\">Ladda ner A4-affischer<\/a><\/li>\n<\/ul>\n<p>&nbsp;<\/p>\n<p>&nbsp;<\/p>\n","protected":false},"excerpt":{"rendered":"<p>Starta en egen Facebook-insamling P\u00e5 Facebook kan du sj\u00e4lv skapa en insamling dit dina v\u00e4nner kan sk\u00e4nka ett bidrag f\u00f6r att st\u00f6dja en [&hellip;]<\/p>\n","protected":false},"author":37,"featured_media":2195,"parent":0,"menu_order":0,"comment_status":"closed","ping_status":"closed","template":"","meta":{"footnotes":""},"class_list":["post-2155","page","type-page","status-publish","has-post-thumbnail","hentry"],"_links":{"self":[{"href":"https:\/\/www.junis.se\/ledare\/wp-json\/wp\/v2\/pages\/2155","targetHints":{"allow":["GET"]}}],"collection":[{"href":"https:\/\/www.junis.se\/ledare\/wp-json\/wp\/v2\/pages"}],"about":[{"href":"https:\/\/www.junis.se\/ledare\/wp-json\/wp\/v2\/types\/page"}],"author":[{"embeddable":true,"href":"https:\/\/www.junis.se\/ledare\/wp-json\/wp\/v2\/users\/37"}],"replies":[{"embeddable":true,"href":"https:\/\/www.junis.se\/ledare\/wp-json\/wp\/v2\/comments?post=2155"}],"version-history":[{"count":18,"href":"https:\/\/www.junis.se\/ledare\/wp-json\/wp\/v2\/pages\/2155\/revisions"}],"predecessor-version":[{"id":2198,"href":"https:\/\/www.junis.se\/ledare\/wp-json\/wp\/v2\/pages\/2155\/revisions\/2198"}],"wp:featuredmedia":[{"embeddable":true,"href":"https:\/\/www.junis.se\/ledare\/wp-json\/wp\/v2\/media\/2195"}],"wp:attachment":[{"href":"https:\/\/www.junis.se\/ledare\/wp-json\/wp\/v2\/media?parent=2155"}],"curies":[{"name":"wp","href":"https:\/\/api.w.org\/{rel}","templated":true}]}}