{"id":294,"date":"2019-05-22T08:42:22","date_gmt":"2019-05-22T06:42:22","guid":{"rendered":"http:\/\/dev.w4.se\/junis\/ledarskapsportal\/?page_id=294"},"modified":"2026-02-23T09:49:15","modified_gmt":"2026-02-23T08:49:15","slug":"distrikt","status":"publish","type":"page","link":"https:\/\/www.junis.se\/ledare\/distrikt\/","title":{"rendered":"Driva distrikt"},"content":{"rendered":"<h2>\u00c5rshjul<\/h2>\n<p><strong>Januari-februari<\/strong><\/p>\n<ul>\n<li>Utbetalning av Junis grundst\u00f6d till distrikt samt aktivitetsst\u00f6d.<\/li>\n<li>Hj\u00e4lpa f\u00f6reningarna att genomf\u00f6ra godk\u00e4nda f\u00f6renings\u00e5rsm\u00f6ten.<\/li>\n<li>Skicka ut kallelse till distrikts\u00e5rsm\u00f6te.<\/li>\n<li>Planera sommarens l\u00e4ger och genomf\u00f6ra sportlovsaktiviteter.<\/li>\n<\/ul>\n<p><strong>Mars-april\u00a0<\/strong><\/p>\n<ul>\n<li>Genomf\u00f6ra distrikts\u00e5rsm\u00f6te.<\/li>\n<li>Skicka in protokoll, verksamhetsber\u00e4ttelse och \u00e5rsm\u00f6tesrapport p\u00e5 eBas.<\/li>\n<li>Uppdatera hemsida med nyvald distriktsstyrelse.<\/li>\n<li>Planera sommarens l\u00e4ger och genomf\u00f6ra lovaktiviteter.<\/li>\n<\/ul>\n<p><strong>Maj-augusti<\/strong><\/p>\n<ul>\n<li>Genomf\u00f6ra lov- och sommarlovsaktiviteter<\/li>\n<\/ul>\n<p><strong>September-oktober<\/strong><\/p>\n<ul>\n<li>Planera och genomf\u00f6ra h\u00f6stlovsaktiviteter.<\/li>\n<li>Ledarrekrytering.<\/li>\n<li>Ledarutbildning.<\/li>\n<\/ul>\n<p><strong>November-december<\/strong><\/p>\n<ul>\n<li>Redovisa f\u00f6rg\u00e5ende \u00e5rs aktivitetsst\u00f6d.<\/li>\n<li>Ans\u00f6ka om aktivitetsst\u00f6d f\u00f6r kommande \u00e5r.<\/li>\n<\/ul>\n<h2>Viktiga datum<\/h2>\n<ul>\n<li><strong>10:e varje m\u00e5nad<\/strong>&#8211; digital tr\u00e4ff p\u00e5 Zoom f\u00f6r distriktsordf\u00f6rande eller motsvarande i varje distrikt. Inbjudan och mer information mejlas till respektive distriktsordf\u00f6rande.<\/li>\n<\/ul>\n<h2>Bidrag och ekonomi<\/h2>\n<p>Varje \u00e5r f\u00e5r alla distrikt bidrag fr\u00e5n Junis-f\u00f6rbundet.<\/p>\n\t\t<div class=\"factboxmargin\">\n\t\t\t\t\t\t\t<div class=\"elementsch\">\n\t\t\t\t\t<h3 class=\"mhl\">\n\t\t\t\t\t\tRiktlinjer och modell f\u00f6r grundst\u00f6d distrikt\t\t\t\t\t<\/h3>\n\t\t\t\t\t<span class=\"expand_in bgspr\"><\/span>\n\t\t\t\t\t<div class=\"fixfloat\"><\/div>\n\t\t\t\t\t\n\t\t\t\t\t<div class=\"incontent\">\n\t\t\t\t\t\t<p>En medlem \u00e4r bidragsber\u00e4ttigad om personen:<\/p>\n<ul>\n<li>Betalat eller bekr\u00e4ftat sitt medlemskap under f\u00f6reg\u00e5ende \u00e5r.<\/li>\n<li>\u00c4r mellan 6 och 15 \u00e5r.<\/li>\n<\/ul>\n<p>En ledare \u00e4r godk\u00e4nd om personen:<\/p>\n<ul>\n<li>G\u00e5tt grundutbildning.<\/li>\n<li>Skrivit under Junis ledaretik.<\/li>\n<li>\u00c4r betalande eller bekr\u00e4ftad medlem i IOGT-NTO, UNF eller NSF.<\/li>\n<\/ul>\n<p>En ledare kan vara aktiv i flera f\u00f6reningar inom ett distrikt, men det utg\u00e5r bara ett bidrag per ledare till varje enskilt distrikt. Om en ledare \u00e4r med i tv\u00e5 olika distrikt f\u00e5r b\u00e5da distrikten bidrag f\u00f6r ledaren.<\/p>\n<p>F\u00f6r att r\u00e4knas beh\u00f6ver bidragsber\u00e4ttigade medlemmar och godk\u00e4nda ledare vara med i en godk\u00e4nd f\u00f6rening. L\u00e4s mer om vad som kr\u00e4vs f\u00f6r att vara en godk\u00e4nd f\u00f6rening under fliken\u00a0<a href=\"http:\/\/junis.se\/ledare\/forening\">\u201dDriva f\u00f6rening\u201d<\/a>.<\/p>\n<p>Varje distrikt f\u00e5r 30 000 kr som \u00e4r t\u00e4nkt att anv\u00e4ndas till ledarutveckling i f\u00f6rsta hand. I en trappa f\u00e5r sedan distrikt utan egen medarbetare extra pengar med \u00f6kande medlemstal enligt f\u00f6ljande: N\u00e4r distriktet n\u00e5r 300 medlemmar f\u00e5r de ytterligare 10\u00a0000 kr, n\u00e4r de n\u00e5r 350 medlemmar f\u00e5r de ytterligare 10\u00a0000 kr osv f\u00f6r varje 50-tal medlemmar som distriktet n\u00e5r.<\/p>\n<p>Distrikt med egen medarbetare f\u00e5r ut\u00f6ver de 30 000 kr i grundst\u00f6d ist\u00e4llet f\u00f6r trappan 250 kr\/medlem och 500 kr\/ledare under f\u00f6ruts\u00e4ttning att man uppfyller f\u00f6ljande kriterier:<\/p>\n<ul>\n<li>Distriktet har minst 400 godk\u00e4nda medlemmar.<\/li>\n<li>Medarbetaren \u00e4r anst\u00e4lld p\u00e5 minst 50% och har verksamhetsn\u00e4ra arbetsuppgifter.<\/li>\n<li>Medarbetaren deltar i f\u00f6rbundets personalsamlingar.<\/li>\n<li>F\u00f6rtroendevald arbetsgivare tar del av st\u00f6d i arbetsgivarskap som erbjuds av f\u00f6rbundet.<\/li>\n<\/ul>\n<p>Distrikt som vill anst\u00e4lla personal kan s\u00f6ka extra pengar fr\u00e5n f\u00f6rbundet.<\/p>\n\t\t\t\t\t\t<div class=\"fixfloat\"><\/div>\n\t\t\t\t\t<\/div>\n\t\t\t\t<\/div>\t\n\t\t\t\t\t\t\t<div class=\"elementsch\">\n\t\t\t\t\t<h3 class=\"mhl\">\n\t\t\t\t\t\tRegionbidrag och fonder\t\t\t\t\t<\/h3>\n\t\t\t\t\t<span class=\"expand_in bgspr\"><\/span>\n\t\t\t\t\t<div class=\"fixfloat\"><\/div>\n\t\t\t\t\t\n\t\t\t\t\t<div class=\"incontent\">\n\t\t\t\t\t\t<p>M\u00e5nga distrikt har m\u00f6jlighet att s\u00f6ka regionbidrag. Junis har gjort en sammanst\u00e4llning av alla regioners bidragsregler. Vill du ha hj\u00e4lp med er ans\u00f6kan f\u00f6r regionst\u00f6d? Kontakta info@junis.se<\/p>\n<p>Ut\u00f6ver Junis f\u00f6rbundets ekonomiska st\u00f6d samt lokala och regionala bidrag kan m\u00e5nga f\u00f6reningar och distrikt s\u00f6ka st\u00f6d fr\u00e5n olika fonder och stiftelser. Junis har gjort en sammanst\u00e4llning \u00f6ver n\u00e5gra vanliga fonder som passar bra in i v\u00e5rt \u00e4ndam\u00e5l. Du hittar sammanst\u00e4llningen <a href=\"https:\/\/www.junis.se\/ledare\/wp-content\/uploads\/sites\/2\/2019\/11\/fondversikt.pdf\">h\u00e4r<\/a>.<\/p>\n\t\t\t\t\t\t<div class=\"fixfloat\"><\/div>\n\t\t\t\t\t<\/div>\n\t\t\t\t<\/div>\t\n\t\t\t\t\t<\/div>\n\t\n<h2>\u00c5rsm\u00f6te<\/h2>\n<p>Sedan 2020 g\u00e4ller f\u00f6ljande f\u00f6r distrikts\u00e5rsm\u00f6ten:<\/p>\n<ul>\n<li>Alla aktiva\/registrerade ledare i Junis under 26 \u00e5r i distriktets f\u00f6reningar ska kallas som ombud till distrikts\u00e5rsm\u00f6tet.<\/li>\n<li>Alla f\u00f6reningar f\u00e5r utse ett ombud per p\u00e5b\u00f6rjat 20-tal medlemmar.<\/li>\n<li>Enbart ordf\u00f6rande, sekreterare och kass\u00f6r \u00e4r obligatoriska poster i distriktsstyrelsen.<\/li>\n<\/ul>\n\t\t<div class=\"factboxmargin\">\n\t\t\t\t\t\t\t<div class=\"elementsch\">\n\t\t\t\t\t<h3 class=\"mhl\">\n\t\t\t\t\t\tDistrikts\u00e5rsm\u00f6te \u2013 mallar\t\t\t\t\t<\/h3>\n\t\t\t\t\t<span class=\"expand_in bgspr\"><\/span>\n\t\t\t\t\t<div class=\"fixfloat\"><\/div>\n\t\t\t\t\t\n\t\t\t\t\t<div class=\"incontent\">\n\t\t\t\t\t\t<h2>Distrikts\u00e5rsm\u00f6te<\/h2>\n<p><a href=\"https:\/\/www.junis.se\/ledare\/wp-content\/uploads\/sites\/2\/2026\/02\/checklistainfordam20261-1.docx\">Checklista inf\u00f6r D\u00c5M 2026<\/a><br \/>\n<a href=\"https:\/\/www.junis.se\/ledare\/wp-content\/uploads\/sites\/2\/2026\/02\/mallforedragningslistafardistriktsarsmoten2.docx\">Mall f\u00f6r f\u00f6redragningslista 2026<\/a><\/p>\n<p><a href=\"https:\/\/www.junis.se\/ledare\/wp-content\/uploads\/sites\/2\/2023\/03\/digitaltdistriktsarsmotemall.pptx\">H\u00e4r<\/a> kan ni ladda ner en Power Point med f\u00f6redragningslistan att anv\u00e4nda som st\u00f6d vid digitala distrikts\u00e5rsm\u00f6ten.<\/p>\n\t\t\t\t\t\t<div class=\"fixfloat\"><\/div>\n\t\t\t\t\t<\/div>\n\t\t\t\t<\/div>\t\n\t\t\t\t\t<\/div>\n\t\n<h2>Distrikt som \u00e4r arbetsgivare<\/h2>\n<p>F\u00f6r de distrikt som \u00e4r arbetsgivare finns hj\u00e4lp och st\u00f6d att f\u00e5. Bland annat finns ett arbetsledarn\u00e4tverk p\u00e5 Microsoft Teams som du kan bli inbjuden till. D\u00e4r finns ett stort antal mallar att tillg\u00e5 i form av personalhandbok, arbetsmilj\u00f6handbok, arbetsgivarpolicy med mera.<\/p>\n\t\t<\/div><!-- .zorderfix -->\n\t\t<\/div><!-- .entry-content first -->\n\t\t<div class=\"boxes\">\n\t\t\t\t\t\t\t<div class=\"boxbubble col1\">\n\t\t\t\t\t<a href=\"https:\/\/www.junis.se\/ledare\/medlemskap\/\">\n\t\t\t\t\t\t<div class=\"graphic\"><\/div>\n\t\t\t\t\t\t<div class=\"table\">\n\t\t\t\t\t\t\t<div class=\"cell\">\n\t\t\t\t\t\t\t\t<h3 class=\"boxhl\">\n\t\t\t\t\t\t\t\t\tOlika s\u00e4tt att bekr\u00e4fta medlemskapet\t\t\t\t\t\t\t\t<\/h3>\n\t\t\t\t\t\t\t\t<span class=\"arr lrgr bgspr white\"><\/span>\n\t\t\t\t\t\t\t<\/div>\n\t\t\t\t\t\t<\/div>\n\t\t\t\t\t<\/a>\n\t\t\t\t<\/div>\t\n\t\t\t\t\t\t\t<div class=\"boxbubble col4\">\n\t\t\t\t\t<a href=\"https:\/\/www.junis.se\/ledare\/ebas\/\">\n\t\t\t\t\t\t<div class=\"graphic\"><\/div>\n\t\t\t\t\t\t<div class=\"table\">\n\t\t\t\t\t\t\t<div class=\"cell\">\n\t\t\t\t\t\t\t\t<h3 class=\"boxhl\">\n\t\t\t\t\t\t\t\t\tMedlemsregistret eBas\t\t\t\t\t\t\t\t<\/h3>\n\t\t\t\t\t\t\t\t<span class=\"arr lrgr bgspr white\"><\/span>\n\t\t\t\t\t\t\t<\/div>\n\t\t\t\t\t\t<\/div>\n\t\t\t\t\t<\/a>\n\t\t\t\t<\/div>\t\n\t\t\t\t\t\t\t<div class=\"boxbubble col2\">\n\t\t\t\t\t<a href=\"https:\/\/www.junis.se\/ledare\/bildbanken\/\">\n\t\t\t\t\t\t<div class=\"graphic\"><\/div>\n\t\t\t\t\t\t<div class=\"table\">\n\t\t\t\t\t\t\t<div class=\"cell\">\n\t\t\t\t\t\t\t\t<h3 class=\"boxhl\">\n\t\t\t\t\t\t\t\t\tBilder och mallar\t\t\t\t\t\t\t\t<\/h3>\n\t\t\t\t\t\t\t\t<span class=\"arr lrgr bgspr white\"><\/span>\n\t\t\t\t\t\t\t<\/div>\n\t\t\t\t\t\t<\/div>\n\t\t\t\t\t<\/a>\n\t\t\t\t<\/div>\t\n\t\t\t\t\t<\/div>\n\t\t<div class=\"entry-content\">\n\t\t\t<div class=\"zorderfix\">\t\t\n\t\n<p>&nbsp;<\/p>\n","protected":false},"excerpt":{"rendered":"<p>\u00c5rshjul Januari-februari Utbetalning av Junis grundst\u00f6d till distrikt samt aktivitetsst\u00f6d. Hj\u00e4lpa f\u00f6reningarna att genomf\u00f6ra godk\u00e4nda f\u00f6renings\u00e5rsm\u00f6ten. Skicka ut kallelse till distrikts\u00e5rsm\u00f6te. Planera sommarens [&hellip;]<\/p>\n","protected":false},"author":1,"featured_media":436,"parent":0,"menu_order":0,"comment_status":"closed","ping_status":"closed","template":"","meta":{"footnotes":""},"class_list":["post-294","page","type-page","status-publish","has-post-thumbnail","hentry"],"_links":{"self":[{"href":"https:\/\/www.junis.se\/ledare\/wp-json\/wp\/v2\/pages\/294","targetHints":{"allow":["GET"]}}],"collection":[{"href":"https:\/\/www.junis.se\/ledare\/wp-json\/wp\/v2\/pages"}],"about":[{"href":"https:\/\/www.junis.se\/ledare\/wp-json\/wp\/v2\/types\/page"}],"author":[{"embeddable":true,"href":"https:\/\/www.junis.se\/ledare\/wp-json\/wp\/v2\/users\/1"}],"replies":[{"embeddable":true,"href":"https:\/\/www.junis.se\/ledare\/wp-json\/wp\/v2\/comments?post=294"}],"version-history":[{"count":54,"href":"https:\/\/www.junis.se\/ledare\/wp-json\/wp\/v2\/pages\/294\/revisions"}],"predecessor-version":[{"id":2855,"href":"https:\/\/www.junis.se\/ledare\/wp-json\/wp\/v2\/pages\/294\/revisions\/2855"}],"wp:featuredmedia":[{"embeddable":true,"href":"https:\/\/www.junis.se\/ledare\/wp-json\/wp\/v2\/media\/436"}],"wp:attachment":[{"href":"https:\/\/www.junis.se\/ledare\/wp-json\/wp\/v2\/media?parent=294"}],"curies":[{"name":"wp","href":"https:\/\/api.w.org\/{rel}","templated":true}]}}