{"id":325,"date":"2019-10-01T10:58:17","date_gmt":"2019-10-01T08:58:17","guid":{"rendered":"https:\/\/www.junis.se\/ledare\/?page_id=325"},"modified":"2023-09-19T10:11:32","modified_gmt":"2023-09-19T08:11:32","slug":"startaforening","status":"publish","type":"page","link":"https:\/\/www.junis.se\/ledare\/startaforening\/","title":{"rendered":"Ny f\u00f6rening"},"content":{"rendered":"<h2>Del 1: F\u00f6rberedelser innan uppstartsm\u00f6tet<\/h2>\n<h3>M\u00e5ls\u00e4ttningen<\/h3>\n<p>En Junis-f\u00f6rening \u00e4r speciell. I Junis finns det plats f\u00f6r barn i olika \u00e5ldrar och med olika f\u00f6ruts\u00e4ttningar. Verksamheten ska vara trygg, rolig och utvecklande.<br \/>\nEn av Junis grundsatser \u00e4r demokrati. Hos oss \u00e4r Junis-medlemmarna med och p\u00e5verkar verksamheten och fattar beslut om vad som ska h\u00e4nda. I v\u00e5r verksamhet k\u00e4nner sig alla barn inkluderade och sedda. Vi g\u00f6r aktiviteter d\u00e4r alla har samma f\u00f6ruts\u00e4ttningar att delta och som fr\u00e4mjar ett positivt gruppklimat. Vi undviker lekar d\u00e4r deltagarna uts\u00e4tts f\u00f6r obehag eller blir utpekade som d\u00e5liga eller som f\u00f6rlorare.<\/p>\n<h3>Plats<\/h3>\n<p>N\u00e4r du startar din Junis-f\u00f6rening s\u00e5 g\u00f6r g\u00e4rna en kartl\u00e4ggning av vilka m\u00f6jliga lokaler det finns p\u00e5 orten. Att kommunikationerna \u00e4r bra och att lokalen har r\u00e4tt utrustning f\u00f6r verksamheten \u00e4r prioriterat. \u00c4ven n\u00e4rhet till skolor, f\u00f6r rekrytering, \u00e4r faktorer att ta med i lokal- och omr\u00e5desvalet.<\/p>\n<h3>Ekonomi<\/h3>\n<p>Hur mycket verksamheten kostar beror p\u00e5 kostnader f\u00f6r lokal, material, fika m.m. F\u00f6r att m\u00f6jligg\u00f6ra en l\u00e5g deltagaravgift f\u00e5r varje nystartad f\u00f6rening ett startbidrag p\u00e5 4000 kr. Det betalas ut n\u00e4r f\u00f6reningen \u00e4r godk\u00e4nd. Om en nystartad f\u00f6rening \u00e4r aktiv och godk\u00e4nd \u00e5r tv\u00e5 f\u00e5r den ytterligare 6 000 kr. Viktigt \u00e4r att f\u00f6reningen har ett eget bankkonto eller kan l\u00e5na distriktets. Inget bidrag betalas ut till privata bankkonton.<\/p>\n<p>F\u00f6reningen kan i m\u00e5nga fall f\u00e5 bidrag fr\u00e5n kommunen. Varje \u00e5r f\u00e5r du ocks\u00e5 bidrag fr\u00e5n Junis-f\u00f6rbundet. Genom att ta ut en medlemsavgift kan f\u00f6reningen t\u00e4cka en del av sina utgifter. Hur h\u00f6g avgiften ska vara best\u00e4ms varje \u00e5r p\u00e5 \u00e5rsm\u00f6tet. I Junis f\u00f6rs\u00f6ker vi h\u00e5lla medlemsavgiften s\u00e5 l\u00e5g att alla barn har r\u00e5d att vara med.<\/p>\n<h3>Junis-ledarna<\/h3>\n<p>Alla Junis-ledare ska vara medlemmar i IOGT-NTO-r\u00f6relsen. De ska genomg\u00e5 Junis ledarutbildning innan verksamheten startas och ha skrivit under Junis ledaretiska policy. I f\u00f6reningen jobbar vi i ledarteam av flera anledningar. Dels f\u00f6r s\u00e4kerheten, dels f\u00f6r att f\u00f6rdela arbetet s\u00e5 att alla orkar med sitt engagemang och dels f\u00f6r att inspirera och komplettera varandra. Tydligg\u00f6r redan innan verksamhetsstart vilka olika roller ni ledare ska ha. Vem sk\u00f6ter administration, vem har ansvar f\u00f6r material, vem h\u00e5ller kontakt med f\u00f6r\u00e4ldrar?<\/p>\n<h3>Verksamhet<\/h3>\n<p>I Junis finns utrymme f\u00f6r de flesta slags verksamheter. Teater, disco, LAN, l\u00e4ger, \u00e4ventyrsutflykter, sport, pyssel, film och bakning \u00e4r bara f\u00f6rslag p\u00e5 allt man kan g\u00f6ra. I ledarteamet best\u00e4mmer ni tillsammans vilken inriktning ni ska ha i f\u00f6reningen och ocks\u00e5 p\u00e5 vilket s\u00e4tt barnen ska vara delaktiga i planeringen av verksamheten. Utg\u00e5 fr\u00e5n era egna intressen och specialkunskaper.<br \/>\nNi beh\u00f6ver ocks\u00e5 best\u00e4mma hur ofta ni ska ses. M\u00e5nga ses samma tid varje vecka, andra mer s\u00e4llan.<\/p>\n<h3>Lokal<\/h3>\n<p>Lokalen ni h\u00e5ller till i ska vara tillg\u00e4nglig och s\u00e4ker f\u00f6r alla barn. Boka lokalen i god tid och f\u00f6rs\u00e4kra er om att ni vet vem ni kontaktar om n\u00e5got g\u00e5r s\u00f6nder eller inte fungerar i lokalen. En bra lokal b\u00f6r bland annat ha ytor f\u00f6r lek och samling, tillg\u00e5ng till toaletter, m\u00f6jlighet att servera fika, material f\u00f6r st\u00e4dning och utrymmingsplan, n\u00f6dutg\u00e5ngar och brandsl\u00e4ckare.<\/p>\n<h3>Marknadsf\u00f6ring<\/h3>\n<p>N\u00e4r ni best\u00e4mt alla praktiska f\u00f6ruts\u00e4ttningar, s\u00e5 som dag, tid, lokal, verksamhet och kostnad \u00e4r det dags att marknadsf\u00f6ra Junis-f\u00f6reningen. Bilder och mallar hittar du i v\u00e5r <a href=\"https:\/\/www.junis.se\/ledare\/bildbanken\/\">bild- och materialbank<\/a>. Sprid affischer och inbjudningar p\u00e5 skolor och fritidshem, s\u00e4tt upp p\u00e5 anslagstavlor och sprid p\u00e5 sociala medier och hemsida. Du kan ocks\u00e5 kontakta lokaltidningen f\u00f6r att de ska skriva om att ni startar upp er verksamhet.<\/p>\n<h3>Material och blanketter<\/h3>\n<p>F\u00f6r att bilda en ny Junis-f\u00f6rening beh\u00f6ver ni fylla i en <a href=\"https:\/\/www.junis.se\/ledare\/wp-content\/uploads\/sites\/2\/2019\/10\/startblankett2019ifyllbar.pdf\"><strong>startblankett<\/strong><\/a> som ni efter uppstartsm\u00f6tet postar eller mejlar till Junis-f\u00f6rbundet. Ni beh\u00f6ver ocks\u00e5 bifoga ett nybildningsprotokoll, det vill s\u00e4ga ett protokoll fr\u00e5n ert uppstartsm\u00f6te. N\u00e4r startblanketten och protokollet \u00e4r inskickat till oss kommer ni f\u00e5 tillg\u00e5ng till Junis medlemsregister <a href=\"http:\/\/ebas.junis.se\"><strong>eBas<\/strong><\/a> d\u00e4r f\u00f6reningens medlemmar och ledare ska registreras.<\/p>\n<p>Alla nya medlemmar kan f\u00e5 ett <strong>medlemskort<\/strong> n\u00e4r de betalat sin medlemsavgift eller bekr\u00e4ftat sitt medlemskap. Best\u00e4ll dem <a href=\"https:\/\/www.junis.se\/ledare\/bestall-medlemskort\/\">h\u00e4r<\/a>.<\/p>\n<p>Varje Junis-f\u00f6rening beh\u00f6ver anta egna stadgar. F\u00f6reningen g\u00f6r detta p\u00e5 sitt uppstarts- eller \u00e5rsm\u00f6te. I stadgarna ska f\u00f6reningens namn och datum f\u00f6r n\u00e4r de antogs framg\u00e5. F\u00f6reningen kan fylla i stadgarna och skicka in dessa till Junis kansli eller fylla i f\u00f6reningens namn och datum i eBas.<\/p>\n<hr \/>\n<h2>Del 2: Genomf\u00f6rande av uppstartsm\u00f6tet<\/h2>\n<h3>N\u00e4rvarokort<\/h3>\n<p>F\u00f6r att f\u00e5 bidrag fr\u00e5n kommunen kan det kr\u00e4vas att ni fyller i n\u00e4rvaron vid varje tr\u00e4ff. Detta g\u00f6r ni p\u00e5 ett <a href=\"https:\/\/www.junis.se\/ledare\/wp-content\/uploads\/sites\/2\/2019\/10\/narvarokortblankett2019.pdf\">n\u00e4rvarokort<\/a><strong>.\u00a0<\/strong>Dessa skickas som redovisning till kommunen. Hur ofta detta ska g\u00f6ras varierar fr\u00e5n kommun till kommun.<\/p>\n<h3>S\u00e4kerhet<\/h3>\n<p>G\u00f6r en s\u00e4kerhetsgenomg\u00e5ng med ledarna innan barnen kommer. Kartl\u00e4gg var n\u00e4rmaste brandutg\u00e5ng \u00e4r och var det finns brandsl\u00e4ckare och sjukv\u00e5rdsutrustning. Best\u00e4m var er uppsamlingsplats \u00e4r vid utrymning, vem som tar med sig n\u00e4rvarolistan, vem som \u00e4r sist kvar i lokalen och vem som kontaktar m\u00e5lsm\u00e4n.<\/p>\n<h3>N\u00e4r barnen kommer<\/h3>\n<p>Se till att skapa Junis-k\u00e4nsla i och utanf\u00f6r lokalen, exempelvis genom affischer, roll-ups och profilkl\u00e4der. Det f\u00f6r med sig att barnen kommer ih\u00e5g att det \u00e4r Junis de \u00e4r med i. Det \u00e4r viktigt att vara \u00f6verens om vilka regler som ska g\u00e4lla i f\u00f6reningen. Inkludera barnen i t\u00e4nket kring regler och anv\u00e4nd g\u00e4rna regler som lyfter upp det positiva ist\u00e4llet f\u00f6r att fokusera p\u00e5 negativa regler.<\/p>\n<h3>Ramen f\u00f6r starttr\u00e4ffen<\/h3>\n<p>S\u00e4g hej till alla n\u00e4r de kommer, samlas i ring, ha upprop och fyll i n\u00e4rvarokort. Ber\u00e4tta vad som kommer h\u00e4nda under tr\u00e4ffen och lek en namnlek och n\u00e5gon annan kortare lek f\u00f6r att komma ig\u00e5ng. Sedan \u00e4r det dags att h\u00e5lla uppstartsm\u00f6tet.<\/p>\n<p>F\u00f6redragningslista f\u00f6r m\u00f6tet<\/p>\n<ol>\n<li>\u00d6ppnande<\/li>\n<li>Godk\u00e4nnande av f\u00f6redragningslistan<\/li>\n<li>Val av m\u00f6tesordf\u00f6rande och m\u00f6tessekreterare<\/li>\n<li>Beslut om f\u00f6reningens namn<\/li>\n<li>V\u00e4lj tre personer till f\u00f6reningens styrelse. Utse ocks\u00e5 en kontaktperson till f\u00f6reningen (en ledare)<\/li>\n<li>Antagande av <strong>egna stadgar<\/strong><\/li>\n<li>Vilka \u00e4r f\u00f6reningens ledare?<\/li>\n<li>Vad ska f\u00f6reningen ha f\u00f6r verksamhet under \u00e5ret?<\/li>\n<li>Beslut om att nybildning av f\u00f6reningen har genomf\u00f6rts<\/li>\n<li>Avslutning<\/li>\n<\/ol>\n<h3>Del 3: Efter m\u00f6tet<\/h3>\n<p>Efter nybildningsm\u00f6tet \u00e5terst\u00e4ller ledarna lokalen, utv\u00e4rderar hur tr\u00e4ffen har g\u00e5tt, skriver rent m\u00f6tesprotokollet och fyller i startblanketten. Ni redovisar kvitton och eventuella medlemsavgifter till kass\u00f6ren.<\/p>\n<h3>Skicka in startblanketten!<\/h3>\n<p>Skicka in den ifyllda startblanketten och nybildningsprotokollet till<br \/>\nJunis, Box 128 25, 112 97 Stockholm eller <a href=\"mailto:ebas@junis.se\">ebas@junis.se.<\/a><\/p>\n<h3><strong>Logga in i eBas <\/strong><\/h3>\n<p>Den som blivit utsedd till registeransvarig kommer att f\u00e5 ett mejl n\u00e4r f\u00f6reningen \u00e4r upplagd i medlemsregistret. Den registeransvariga ska f\u00f6lja l\u00e4nken i mejlet och skapa en inloggning till eBas f\u00f6r att kunna rapportera in de nya medlemmarna, samt fylla i n\u00f6dv\u00e4ndig information i systemet. En checklista f\u00f6r nya registeransvariga finns <a href=\"http:\/\/www.junis.se\/ledare\/ebas\">h\u00e4r<\/a>.<\/p>\n<h3>Skaffa bankkonto och organisationsnummer<\/h3>\n<p>F\u00f6r att kunna ta emot startbidrag fr\u00e5n f\u00f6rbundet och framtida bidrag beh\u00f6ver f\u00f6reningen ha ett eget bankkonto eller be om lov att f\u00e5 anv\u00e4nda distriktets konto. Vissa f\u00f6reningar f\u00e5r hj\u00e4lp av en n\u00e4rliggande IOGT-NTO-f\u00f6rening och kan anv\u00e4nda deras konto.<\/p>\n<p>F\u00f6r att kunna skapa ett bankkonto eller ans\u00f6ka om framtida bidrag hos stiftelser eller kommunen, beh\u00f6ver f\u00f6reningen ofta ha ett organisationsnummer. Det kan ni ans\u00f6ka om hos <a href=\"https:\/\/skatteverket.se\/foreningar\/driva\/ideellforening\/startaenideellforening.4.70ac421612e2a997f85800028338.html\">Skatteverket.<\/a><\/p>\n<h3>\t\t<div class=\"factboxmargin\">\n\t\t\t\t\t\t\t<div class=\"elementsch\">\n\t\t\t\t\t<h3 class=\"mhl\">\n\t\t\t\t\t\tMaterial f\u00f6r att starta f\u00f6rening\t\t\t\t\t<\/h3>\n\t\t\t\t\t<span class=\"expand_in bgspr\"><\/span>\n\t\t\t\t\t<div class=\"fixfloat\"><\/div>\n\t\t\t\t\t\n\t\t\t\t\t<div class=\"incontent\">\n\t\t\t\t\t\t<ul>\n<li><a href=\"https:\/\/www.junis.se\/ledare\/wp-content\/uploads\/sites\/2\/2019\/10\/startblankett2019ifyllbar.pdf\">Startblankett<\/a>, ifyllbar p\u00e5 dator (ladda ner som PDF)<\/li>\n<li><a href=\"https:\/\/www.junis.se\/ledare\/wp-content\/uploads\/sites\/2\/2020\/09\/fredragningslistauppstartsmte1.docx\">F\u00f6redragningslista<\/a><\/li>\n<li><a href=\"https:\/\/www.junis.se\/ledare\/wp-content\/uploads\/sites\/2\/2020\/09\/protokollsmalluppstartsmte.doc\">Protokollsmall<\/a><\/li>\n<li><a href=\"https:\/\/www.junis.se\/ledare\/wp-content\/uploads\/sites\/2\/2019\/10\/narvarokortblankett2019.pdf\">N\u00e4rvarokort<\/a> (ladda ner som PDF)<\/li>\n<li><a href=\"https:\/\/www.junis.se\/ledare\/wp-content\/uploads\/sites\/2\/2020\/01\/stadgarjunisreviderade2023.pdf\">Stadgar f\u00f6r f\u00f6reningar<\/a><\/li>\n<\/ul>\n<p>Har du inte tillg\u00e5ng till skrivare s\u00e5 kontakta <a href=\"mailto:info@junis.se\" target=\"_blank\" rel=\"noopener\">info@junis.se<\/a> s\u00e5 skickar vi dig pappersutskrifter.<\/p>\n<p><strong>L\u00e4nkar och verktyg<\/strong><\/p>\n<p><a href=\"https:\/\/www.junis.se\/ledare\/bestall-medlemskort\/\">Best\u00e4ll medlemskort<\/a><\/p>\n<p><a href=\"https:\/\/ebas.junis.se\/\" target=\"_blank\" rel=\"noopener\">Junis medlemsregister eBas<\/a><\/p>\n<p><a href=\"https:\/\/www.junis.se\/ledare\/bildbanken\/\">Junis bild- och materialbank<\/a><\/p>\n\t\t\t\t\t\t<div class=\"fixfloat\"><\/div>\n\t\t\t\t\t<\/div>\n\t\t\t\t<\/div>\t\n\t\t\t\t\t<\/div>\n\t<\/h3>\n","protected":false},"excerpt":{"rendered":"<p>Del 1: F\u00f6rberedelser innan uppstartsm\u00f6tet M\u00e5ls\u00e4ttningen En Junis-f\u00f6rening \u00e4r speciell. I Junis finns det plats f\u00f6r barn i olika \u00e5ldrar och med olika [&hellip;]<\/p>\n","protected":false},"author":24,"featured_media":438,"parent":0,"menu_order":0,"comment_status":"closed","ping_status":"closed","template":"","meta":{"footnotes":""},"class_list":["post-325","page","type-page","status-publish","has-post-thumbnail","hentry"],"_links":{"self":[{"href":"https:\/\/www.junis.se\/ledare\/wp-json\/wp\/v2\/pages\/325","targetHints":{"allow":["GET"]}}],"collection":[{"href":"https:\/\/www.junis.se\/ledare\/wp-json\/wp\/v2\/pages"}],"about":[{"href":"https:\/\/www.junis.se\/ledare\/wp-json\/wp\/v2\/types\/page"}],"author":[{"embeddable":true,"href":"https:\/\/www.junis.se\/ledare\/wp-json\/wp\/v2\/users\/24"}],"replies":[{"embeddable":true,"href":"https:\/\/www.junis.se\/ledare\/wp-json\/wp\/v2\/comments?post=325"}],"version-history":[{"count":36,"href":"https:\/\/www.junis.se\/ledare\/wp-json\/wp\/v2\/pages\/325\/revisions"}],"predecessor-version":[{"id":2276,"href":"https:\/\/www.junis.se\/ledare\/wp-json\/wp\/v2\/pages\/325\/revisions\/2276"}],"wp:featuredmedia":[{"embeddable":true,"href":"https:\/\/www.junis.se\/ledare\/wp-json\/wp\/v2\/media\/438"}],"wp:attachment":[{"href":"https:\/\/www.junis.se\/ledare\/wp-json\/wp\/v2\/media?parent=325"}],"curies":[{"name":"wp","href":"https:\/\/api.w.org\/{rel}","templated":true}]}}