{"id":462,"date":"2019-10-29T14:08:21","date_gmt":"2019-10-29T13:08:21","guid":{"rendered":"https:\/\/www.junis.se\/ledare\/?page_id=462"},"modified":"2025-11-28T09:02:59","modified_gmt":"2025-11-28T08:02:59","slug":"bestall-medlemskort","status":"publish","type":"page","link":"https:\/\/www.junis.se\/ledare\/bestall-medlemskort\/","title":{"rendered":"Best\u00e4ll medlemskort"},"content":{"rendered":"<p><img loading=\"lazy\" decoding=\"async\" class=\"wp-image-2835 size-medium aligncenter\" src=\"https:\/\/www.junis.se\/ledare\/wp-content\/uploads\/sites\/2\/2025\/11\/medlemskort2026-380x262.png\" alt=\"Medlemskort 2026\" width=\"380\" height=\"262\" srcset=\"https:\/\/www.junis.se\/ledare\/wp-content\/uploads\/sites\/2\/2025\/11\/medlemskort2026-380x262.png 380w, https:\/\/www.junis.se\/ledare\/wp-content\/uploads\/sites\/2\/2025\/11\/medlemskort2026-150x104.png 150w, https:\/\/www.junis.se\/ledare\/wp-content\/uploads\/sites\/2\/2025\/11\/medlemskort2026-370x255.png 370w, https:\/\/www.junis.se\/ledare\/wp-content\/uploads\/sites\/2\/2025\/11\/medlemskort2026.png 397w\" sizes=\"auto, (max-width: 380px) 100vw, 380px\" \/><\/p>\n<hr \/>\n<p>Du kan \u00e4ven kan ladda ner medlemskorten som ifyllbar PDF f\u00f6r egen utskrift. <a href=\"https:\/\/www.junis.se\/ledare\/wp-content\/uploads\/sites\/2\/2025\/11\/medlemskort2026.pdf\">Ladda ner filen h\u00e4r!<\/a><\/p>\n<hr \/>\n\n<div class=\"wpcf7 no-js\" id=\"wpcf7-f461-o1\" lang=\"sv-SE\" dir=\"ltr\" data-wpcf7-id=\"461\">\n<div class=\"screen-reader-response\"><p role=\"status\" aria-live=\"polite\" aria-atomic=\"true\"><\/p> <ul><\/ul><\/div>\n<form action=\"\/ledare\/wp-json\/wp\/v2\/pages\/462#wpcf7-f461-o1\" method=\"post\" class=\"wpcf7-form init\" aria-label=\"Kontaktformul\u00e4r\" novalidate=\"novalidate\" data-status=\"init\">\n<fieldset class=\"hidden-fields-container\"><input type=\"hidden\" name=\"_wpcf7\" value=\"461\" \/><input type=\"hidden\" name=\"_wpcf7_version\" value=\"6.1.5\" \/><input type=\"hidden\" name=\"_wpcf7_locale\" value=\"sv_SE\" \/><input type=\"hidden\" name=\"_wpcf7_unit_tag\" value=\"wpcf7-f461-o1\" \/><input type=\"hidden\" name=\"_wpcf7_container_post\" value=\"0\" \/><input type=\"hidden\" name=\"_wpcf7_posted_data_hash\" value=\"\" \/>\n<\/fieldset>\n<p><label> Ditt namn (obligatorisk)<br \/>\n<span class=\"wpcf7-form-control-wrap\" data-name=\"ditt-namn\"><input size=\"40\" maxlength=\"400\" class=\"wpcf7-form-control wpcf7-text wpcf7-validates-as-required\" aria-required=\"true\" aria-invalid=\"false\" value=\"\" type=\"text\" name=\"ditt-namn\" \/><\/span> <\/label>\n<\/p>\n<p><label> Din adress (obligatorisk)<br \/>\n<span class=\"wpcf7-form-control-wrap\" data-name=\"din-adress\"><input size=\"40\" maxlength=\"400\" class=\"wpcf7-form-control wpcf7-text wpcf7-validates-as-required\" aria-required=\"true\" aria-invalid=\"false\" value=\"\" type=\"text\" name=\"din-adress\" \/><\/span> <\/label>\n<\/p>\n<p><label> Ditt postnummer (obligatorisk)<br \/>\n<span class=\"wpcf7-form-control-wrap\" data-name=\"ditt-postnummer\"><input size=\"40\" maxlength=\"400\" class=\"wpcf7-form-control wpcf7-text wpcf7-validates-as-required\" aria-required=\"true\" aria-invalid=\"false\" value=\"\" type=\"text\" name=\"ditt-postnummer\" \/><\/span> <\/label>\n<\/p>\n<p><label> Din ort (obligatorisk)<br \/>\n<span class=\"wpcf7-form-control-wrap\" data-name=\"din-ort\"><input size=\"40\" maxlength=\"400\" class=\"wpcf7-form-control wpcf7-text wpcf7-validates-as-required\" aria-required=\"true\" aria-invalid=\"false\" value=\"\" type=\"text\" name=\"din-ort\" \/><\/span> <\/label>\n<\/p>\n<p><label> Din e-post (obligatorisk)<br \/>\n<span class=\"wpcf7-form-control-wrap\" data-name=\"your-email\"><input size=\"40\" maxlength=\"400\" class=\"wpcf7-form-control wpcf7-email wpcf7-validates-as-required wpcf7-text wpcf7-validates-as-email\" aria-required=\"true\" aria-invalid=\"false\" value=\"\" type=\"email\" name=\"your-email\" \/><\/span> <\/label>\n<\/p>\n<p><label> Ange antal ark med medlemskort. Det \u00e4r fyra medlemskort p\u00e5 varje ark.<br \/>\n<span class=\"wpcf7-form-control-wrap\" data-name=\"your-message\"><textarea cols=\"40\" rows=\"10\" maxlength=\"2000\" class=\"wpcf7-form-control wpcf7-textarea\" aria-invalid=\"false\" name=\"your-message\"><\/textarea><\/span> <\/label>\n<\/p>\n<p><input class=\"wpcf7-form-control wpcf7-submit has-spinner\" type=\"submit\" value=\"Skicka\" \/>\n<\/p><div class=\"wpcf7-response-output\" aria-hidden=\"true\"><\/div>\n<\/form>\n<\/div>\n\n","protected":false},"excerpt":{"rendered":"<p>Du kan \u00e4ven kan ladda ner medlemskorten som ifyllbar PDF f\u00f6r egen utskrift. Ladda ner filen h\u00e4r!<\/p>\n","protected":false},"author":24,"featured_media":439,"parent":0,"menu_order":0,"comment_status":"closed","ping_status":"closed","template":"","meta":{"footnotes":""},"class_list":["post-462","page","type-page","status-publish","has-post-thumbnail","hentry"],"_links":{"self":[{"href":"https:\/\/www.junis.se\/ledare\/wp-json\/wp\/v2\/pages\/462","targetHints":{"allow":["GET"]}}],"collection":[{"href":"https:\/\/www.junis.se\/ledare\/wp-json\/wp\/v2\/pages"}],"about":[{"href":"https:\/\/www.junis.se\/ledare\/wp-json\/wp\/v2\/types\/page"}],"author":[{"embeddable":true,"href":"https:\/\/www.junis.se\/ledare\/wp-json\/wp\/v2\/users\/24"}],"replies":[{"embeddable":true,"href":"https:\/\/www.junis.se\/ledare\/wp-json\/wp\/v2\/comments?post=462"}],"version-history":[{"count":15,"href":"https:\/\/www.junis.se\/ledare\/wp-json\/wp\/v2\/pages\/462\/revisions"}],"predecessor-version":[{"id":2837,"href":"https:\/\/www.junis.se\/ledare\/wp-json\/wp\/v2\/pages\/462\/revisions\/2837"}],"wp:featuredmedia":[{"embeddable":true,"href":"https:\/\/www.junis.se\/ledare\/wp-json\/wp\/v2\/media\/439"}],"wp:attachment":[{"href":"https:\/\/www.junis.se\/ledare\/wp-json\/wp\/v2\/media?parent=462"}],"curies":[{"name":"wp","href":"https:\/\/api.w.org\/{rel}","templated":true}]}}